{"id":195,"date":"2014-05-19T11:04:44","date_gmt":"2014-05-19T14:04:44","guid":{"rendered":"http:\/\/hotelsunvalley.com.br\/hotel\/?page_id=195"},"modified":"2017-09-21T17:29:08","modified_gmt":"2017-09-21T20:29:08","slug":"reservas","status":"publish","type":"page","link":"http:\/\/sunvalleyhotel.com.br\/hotel\/reservas","title":{"rendered":"Reservas"},"content":{"rendered":"<style type=\"text\/css\">@media screen and (max-width: 540px) {#cuteslider_2_wrapper .br-caption-content {font-size: 90%;}}@media screen and (max-width: 480px) {#cuteslider_2_wrapper .br-caption-content {font-size: 80%;}}@media screen and (max-width: 420px) {#cuteslider_2_wrapper .br-caption-content {font-size: 70%;}}@media screen and (max-width: 360px) {#cuteslider_2_wrapper .br-caption-content {font-size: 60%;}}@media screen and (max-width: 300px) {#cuteslider_2_wrapper .br-caption-content {font-size: 50%;}}@media screen and (max-width: 240px) {#cuteslider_2_wrapper .br-caption-content {font-size: 40%;}}@media screen and (max-width: 180px) {#cuteslider_2_wrapper .br-caption-content {font-size: 30%;}}@media screen and (max-width: 120px) {#cuteslider_2_wrapper .br-caption-content {font-size: 20%;}}@media screen and (max-width: 60px) {#cuteslider_2_wrapper .br-caption-content {font-size: 10%;}}@media screen and (max-width: 0px) {#cuteslider_2_wrapper .br-caption-content {font-size: 0%;}}@media screen and (max-width: -60px) {#cuteslider_2_wrapper .br-caption-content {font-size: -10%;}}@media screen and (max-width: -120px) {#cuteslider_2_wrapper .br-caption-content {font-size: -20%;}}@media screen and (max-width: -180px) {#cuteslider_2_wrapper .br-caption-content {font-size: -30%;}}@media screen and (max-width: -240px) {#cuteslider_2_wrapper .br-caption-content {font-size: -40%;}}@media screen and (max-width: -300px) {#cuteslider_2_wrapper .br-caption-content {font-size: -50%;}}@media screen and (max-width: -360px) {#cuteslider_2_wrapper .br-caption-content {font-size: -60%;}}@media screen and (max-width: -420px) {#cuteslider_2_wrapper .br-caption-content {font-size: -70%;}}@media screen and (max-width: -480px) {#cuteslider_2_wrapper .br-caption-content {font-size: -80%;}}@media screen and (max-width: -540px) {#cuteslider_2_wrapper .br-caption-content {font-size: -90%;}}#cuteslider_2_wrapper { width: 100%;margin: 0px auto;}#cuteslider_2 { }.caption_slider2_layer2_sublayer1 { width: auto;height: auto;position: absolute;top: 10%;left: 10%;padding-top: 1%;padding-right: 1%;padding-bottom: 1%;padding-left: 1%;border-top: 0px solid #000;border-right: 0px solid #000;border-bottom: 0px solid #000;border-left: 0px solid #000;font-family: Arial, sans-serif;font-size: 17px;line-height: normal;color: #FFF;background-color: #000; } .caption_layer2_sublayer1 a.linked { text-decoration: none;color: #FFF; } .caption_slider2_layer3_sublayer1 { width: auto;height: auto;position: absolute;top: 10%;left: 10%;padding-top: 1%;padding-right: 1%;padding-bottom: 1%;padding-left: 1%;border-top: 0px solid #000;border-right: 0px solid #000;border-bottom: 0px solid #000;border-left: 0px solid #000;font-family: Arial, sans-serif;font-size: 17px;line-height: normal;color: #FFF;background-color: #000; } .caption_layer3_sublayer1 a.linked { text-decoration: none;color: #FFF; } .caption_slider2_layer4_sublayer1 { width: auto;height: auto;position: absolute;top: 10%;left: 10%;padding-top: 1%;padding-right: 1%;padding-bottom: 1%;padding-left: 1%;border-top: 0px solid #000;border-right: 0px solid #000;border-bottom: 0px solid #000;border-left: 0px solid #000;font-family: Arial, sans-serif;font-size: 17px;line-height: normal;color: #FFF;background-color: #000; } .caption_layer4_sublayer1 a.linked { text-decoration: none;color: #FFF; } .caption_slider2_layer7_sublayer1 { width: auto;height: auto;position: absolute;top: 10%;left: 10%;padding-top: 1%;padding-right: 1%;padding-bottom: 1%;padding-left: 1%;border-top: 0px solid #000;border-right: 0px solid #000;border-bottom: 0px solid #000;border-left: 0px solid #000;font-family: Arial, sans-serif;font-size: 17px;line-height: normal;color: #FFF;background-color: #000; } .caption_layer7_sublayer1 a.linked { text-decoration: none;color: #FFF; } <\/style><div id=\"cuteslider_2_wrapper\" class=\"cs-borderlesslight\"><div id=\"cuteslider_2\" class=\"cute-slider\" data-width=\"600\" data-height=\"300\" data-overpause=\"true\"  data-shuffle=\"false\"><ul data-type=\"slides\"><li data-delay=\"4\" data-src=\"4\" data-trans3d=\"tr1,tr2,tr3,tr4,tr5,tr6,tr7,tr8,tr9,tr10,tr11,tr12,tr13,tr14,tr15,tr16,tr17,tr18,tr19,tr20,tr21,tr22,tr23,tr24,tr25,tr26,tr27,tr28,tr29,tr30,tr31,tr32,tr33,tr34,tr35,tr36,tr37,tr38,tr39,tr40,tr41,tr42,tr43,tr44,tr45,tr46,tr47,tr48,tr49,tr50,tr51,tr52,tr53,tr54,tr55,tr56,tr57,tr58,tr59,tr60,tr61,tr62,tr63,tr64\" data-trans2d=\"tr1,tr2,tr3,tr4,tr5,tr6,tr7,tr8,tr9,tr10,tr11,tr12,tr13,tr14,tr15,tr16,tr17,tr18,tr19,tr20,tr21,tr22,tr23,tr24,tr25,tr26,tr27,tr28,tr29,tr30,tr31,tr32,tr33,tr34,tr35,tr36,tr37,tr38,tr39,tr40\"><img  src=\"http:\/\/sunvalleyhotel.com.br\/hotel\/wp-content\/uploads\/2014\/05\/slide6.jpg\" data-thumb=\"http:\/\/sunvalleyhotel.com.br\/hotel\/wp-content\/uploads\/2014\/05\/slide6.jpg\"><\/li><li data-delay=\"4\" data-src=\"4\" data-trans3d=\"tr1,tr2,tr3,tr4,tr5,tr6,tr7,tr8,tr9,tr10,tr11,tr12,tr13,tr14,tr15,tr16,tr17,tr18,tr19,tr20,tr21,tr22,tr23,tr24,tr25,tr26,tr27,tr28,tr29,tr30,tr31,tr32,tr33,tr34,tr35,tr36,tr37,tr38,tr39,tr40,tr41,tr42,tr43,tr44,tr45,tr46,tr47,tr48,tr49,tr50,tr51,tr52,tr53,tr54,tr55,tr56,tr57,tr58,tr59,tr60,tr61,tr62,tr63,tr64\" data-trans2d=\"tr1,tr2,tr3,tr4,tr5,tr6,tr7,tr8,tr9,tr10,tr11,tr12,tr13,tr14,tr15,tr16,tr17,tr18,tr19,tr20,tr21,tr22,tr23,tr24,tr25,tr26,tr27,tr28,tr29,tr30,tr31,tr32,tr33,tr34,tr35,tr36,tr37,tr38,tr39,tr40\"><img  src=\"http:\/\/sunvalleyhotel.com.br\/hotel\/wp-content\/plugins\/cuteslider\/img\/blank.png\" data-src=\"http:\/\/sunvalleyhotel.com.br\/hotel\/wp-content\/uploads\/2014\/05\/slide1.jpg\" data-thumb=\"http:\/\/sunvalleyhotel.com.br\/hotel\/wp-content\/uploads\/2014\/05\/slide1.jpg\"><ul data-type=\"captions\"><li class=\"caption_slider2_layer2_sublayer1\" data-effect=\"fade\" data-delay=\"0\">Seja Bem-vindo ao Sun Valley Hotel<\/li><\/ul><\/li><li data-delay=\"4\" data-src=\"4\" data-trans3d=\"tr1,tr2,tr3,tr4,tr5,tr6,tr7,tr8,tr9,tr10,tr11,tr12,tr13,tr14,tr15,tr16,tr17,tr18,tr19,tr20,tr21,tr22,tr23,tr24,tr25,tr26,tr27,tr28,tr29,tr30,tr31,tr32,tr33,tr34,tr35,tr36,tr37,tr38,tr39,tr40,tr41,tr42,tr43,tr44,tr45,tr46,tr47,tr48,tr49,tr50,tr51,tr52,tr53,tr54,tr55,tr56,tr57,tr58,tr59,tr60,tr61,tr62,tr63,tr64\" data-trans2d=\"tr1,tr2,tr3,tr4,tr5,tr6,tr7,tr8,tr9,tr10,tr11,tr12,tr13,tr14,tr15,tr16,tr17,tr18,tr19,tr20,tr21,tr22,tr23,tr24,tr25,tr26,tr27,tr28,tr29,tr30,tr31,tr32,tr33,tr34,tr35,tr36,tr37,tr38,tr39,tr40\"><img  src=\"http:\/\/sunvalleyhotel.com.br\/hotel\/wp-content\/plugins\/cuteslider\/img\/blank.png\" data-src=\"http:\/\/sunvalleyhotel.com.br\/hotel\/wp-content\/uploads\/2014\/05\/slide2.jpg\" data-thumb=\"http:\/\/sunvalleyhotel.com.br\/hotel\/wp-content\/uploads\/2014\/05\/slide2.jpg\"><ul data-type=\"captions\"><li class=\"caption_slider2_layer3_sublayer1\" data-effect=\"fade\" data-delay=\"0\">Temos um atendimento de \u00f3tima qualidade<\/li><\/ul><\/li><li data-delay=\"4\" data-src=\"4\" data-trans3d=\"tr1,tr2,tr3,tr4,tr5,tr6,tr7,tr8,tr9,tr10,tr11,tr12,tr13,tr14,tr15,tr16,tr17,tr18,tr19,tr20,tr21,tr22,tr23,tr24,tr25,tr26,tr27,tr28,tr29,tr30,tr31,tr32,tr33,tr34,tr35,tr36,tr37,tr38,tr39,tr40,tr41,tr42,tr43,tr44,tr45,tr46,tr47,tr48,tr49,tr50,tr51,tr52,tr53,tr54,tr55,tr56,tr57,tr58,tr59,tr60,tr61,tr62,tr63,tr64\" data-trans2d=\"tr1,tr2,tr3,tr4,tr5,tr6,tr7,tr8,tr9,tr10,tr11,tr12,tr13,tr14,tr15,tr16,tr17,tr18,tr19,tr20,tr21,tr22,tr23,tr24,tr25,tr26,tr27,tr28,tr29,tr30,tr31,tr32,tr33,tr34,tr35,tr36,tr37,tr38,tr39,tr40\"><img  src=\"http:\/\/sunvalleyhotel.com.br\/hotel\/wp-content\/plugins\/cuteslider\/img\/blank.png\" data-src=\"http:\/\/sunvalleyhotel.com.br\/hotel\/wp-content\/uploads\/2014\/05\/slide12.jpg\" data-thumb=\"http:\/\/sunvalleyhotel.com.br\/hotel\/wp-content\/uploads\/2014\/05\/slide12.jpg\"><ul data-type=\"captions\"><li class=\"caption_slider2_layer4_sublayer1\" data-effect=\"fade\" data-delay=\"0\">Ampla sala de espera para o seu maior conforto<\/li><\/ul><\/li><li data-delay=\"4\" data-src=\"4\" data-trans3d=\"tr1,tr2,tr3,tr4,tr5,tr6,tr7,tr8,tr9,tr10,tr11,tr12,tr13,tr14,tr15,tr16,tr17,tr18,tr19,tr20,tr21,tr22,tr23,tr24,tr25,tr26,tr27,tr28,tr29,tr30,tr31,tr32,tr33,tr34,tr35,tr36,tr37,tr38,tr39,tr40,tr41,tr42,tr43,tr44,tr45,tr46,tr47,tr48,tr49,tr50,tr51,tr52,tr53,tr54,tr55,tr56,tr57,tr58,tr59,tr60,tr61,tr62,tr63,tr64\" data-trans2d=\"tr1,tr2,tr3,tr4,tr5,tr6,tr7,tr8,tr9,tr10,tr11,tr12,tr13,tr14,tr15,tr16,tr17,tr18,tr19,tr20,tr21,tr22,tr23,tr24,tr25,tr26,tr27,tr28,tr29,tr30,tr31,tr32,tr33,tr34,tr35,tr36,tr37,tr38,tr39,tr40\"><img  src=\"http:\/\/sunvalleyhotel.com.br\/hotel\/wp-content\/plugins\/cuteslider\/img\/blank.png\" data-src=\"http:\/\/sunvalleyhotel.com.br\/hotel\/wp-content\/uploads\/2014\/05\/slide9.jpg\" data-thumb=\"http:\/\/sunvalleyhotel.com.br\/hotel\/wp-content\/uploads\/2014\/05\/slide9.jpg\"><\/li><li data-delay=\"4\" data-src=\"4\" data-trans3d=\"tr1,tr2,tr3,tr4,tr5,tr6,tr7,tr8,tr9,tr10,tr11,tr12,tr13,tr14,tr15,tr16,tr17,tr18,tr19,tr20,tr21,tr22,tr23,tr24,tr25,tr26,tr27,tr28,tr29,tr30,tr31,tr32,tr33,tr34,tr35,tr36,tr37,tr38,tr39,tr40,tr41,tr42,tr43,tr44,tr45,tr46,tr47,tr48,tr49,tr50,tr51,tr52,tr53,tr54,tr55,tr56,tr57,tr58,tr59,tr60,tr61,tr62,tr63,tr64\" data-trans2d=\"tr1,tr2,tr3,tr4,tr5,tr6,tr7,tr8,tr9,tr10,tr11,tr12,tr13,tr14,tr15,tr16,tr17,tr18,tr19,tr20,tr21,tr22,tr23,tr24,tr25,tr26,tr27,tr28,tr29,tr30,tr31,tr32,tr33,tr34,tr35,tr36,tr37,tr38,tr39,tr40\"><img  src=\"http:\/\/sunvalleyhotel.com.br\/hotel\/wp-content\/plugins\/cuteslider\/img\/blank.png\" data-src=\"http:\/\/sunvalleyhotel.com.br\/hotel\/wp-content\/uploads\/2014\/05\/slide7.jpg\" data-thumb=\"http:\/\/sunvalleyhotel.com.br\/hotel\/wp-content\/uploads\/2014\/05\/slide7.jpg\"><\/li><li data-delay=\"4\" data-src=\"4\" data-trans3d=\"tr1,tr2,tr3,tr4,tr5,tr6,tr7,tr8,tr9,tr10,tr11,tr12,tr13,tr14,tr15,tr16,tr17,tr18,tr19,tr20,tr21,tr22,tr23,tr24,tr25,tr26,tr27,tr28,tr29,tr30,tr31,tr32,tr33,tr34,tr35,tr36,tr37,tr38,tr39,tr40,tr41,tr42,tr43,tr44,tr45,tr46,tr47,tr48,tr49,tr50,tr51,tr52,tr53,tr54,tr55,tr56,tr57,tr58,tr59,tr60,tr61,tr62,tr63,tr64\" data-trans2d=\"tr1,tr2,tr3,tr4,tr5,tr6,tr7,tr8,tr9,tr10,tr11,tr12,tr13,tr14,tr15,tr16,tr17,tr18,tr19,tr20,tr21,tr22,tr23,tr24,tr25,tr26,tr27,tr28,tr29,tr30,tr31,tr32,tr33,tr34,tr35,tr36,tr37,tr38,tr39,tr40\"><img  src=\"http:\/\/sunvalleyhotel.com.br\/hotel\/wp-content\/plugins\/cuteslider\/img\/blank.png\" data-src=\"http:\/\/sunvalleyhotel.com.br\/hotel\/wp-content\/uploads\/2014\/05\/slide4.jpg\" data-thumb=\"http:\/\/sunvalleyhotel.com.br\/hotel\/wp-content\/uploads\/2014\/05\/slide4.jpg\"><ul data-type=\"captions\"><li class=\"caption_slider2_layer7_sublayer1\" data-effect=\"fade\" data-delay=\"0\">Temos o melhor para o seu lazer<\/li><\/ul><\/li><li data-delay=\"4\" data-src=\"4\" data-trans3d=\"tr1,tr2,tr3,tr4,tr5,tr6,tr7,tr8,tr9,tr10,tr11,tr12,tr13,tr14,tr15,tr16,tr17,tr18,tr19,tr20,tr21,tr22,tr23,tr24,tr25,tr26,tr27,tr28,tr29,tr30,tr31,tr32,tr33,tr34,tr35,tr36,tr37,tr38,tr39,tr40,tr41,tr42,tr43,tr44,tr45,tr46,tr47,tr48,tr49,tr50,tr51,tr52,tr53,tr54,tr55,tr56,tr57,tr58,tr59,tr60,tr61,tr62,tr63,tr64\" data-trans2d=\"tr1,tr2,tr3,tr4,tr5,tr6,tr7,tr8,tr9,tr10,tr11,tr12,tr13,tr14,tr15,tr16,tr17,tr18,tr19,tr20,tr21,tr22,tr23,tr24,tr25,tr26,tr27,tr28,tr29,tr30,tr31,tr32,tr33,tr34,tr35,tr36,tr37,tr38,tr39,tr40\"><img  src=\"http:\/\/sunvalleyhotel.com.br\/hotel\/wp-content\/plugins\/cuteslider\/img\/blank.png\" data-src=\"http:\/\/sunvalleyhotel.com.br\/hotel\/wp-content\/uploads\/2014\/05\/slide8.jpg\" data-thumb=\"http:\/\/sunvalleyhotel.com.br\/hotel\/wp-content\/uploads\/2014\/05\/slide8.jpg\"><\/li><li data-delay=\"4\" data-src=\"4\" data-trans3d=\"tr1,tr2,tr3,tr4,tr5,tr6,tr7,tr8,tr9,tr10,tr11,tr12,tr13,tr14,tr15,tr16,tr17,tr18,tr19,tr20,tr21,tr22,tr23,tr24,tr25,tr26,tr27,tr28,tr29,tr30,tr31,tr32,tr33,tr34,tr35,tr36,tr37,tr38,tr39,tr40,tr41,tr42,tr43,tr44,tr45,tr46,tr47,tr48,tr49,tr50,tr51,tr52,tr53,tr54,tr55,tr56,tr57,tr58,tr59,tr60,tr61,tr62,tr63,tr64\" data-trans2d=\"tr1,tr2,tr3,tr4,tr5,tr6,tr7,tr8,tr9,tr10,tr11,tr12,tr13,tr14,tr15,tr16,tr17,tr18,tr19,tr20,tr21,tr22,tr23,tr24,tr25,tr26,tr27,tr28,tr29,tr30,tr31,tr32,tr33,tr34,tr35,tr36,tr37,tr38,tr39,tr40\"><img  src=\"http:\/\/sunvalleyhotel.com.br\/hotel\/wp-content\/plugins\/cuteslider\/img\/blank.png\" data-src=\"http:\/\/sunvalleyhotel.com.br\/hotel\/wp-content\/uploads\/2014\/05\/slide10.jpg\" data-thumb=\"http:\/\/sunvalleyhotel.com.br\/hotel\/wp-content\/uploads\/2014\/05\/slide10.jpg\"><\/li><li data-delay=\"4\" data-src=\"4\" data-trans3d=\"tr1,tr2,tr3,tr4,tr5,tr6,tr7,tr8,tr9,tr10,tr11,tr12,tr13,tr14,tr15,tr16,tr17,tr18,tr19,tr20,tr21,tr22,tr23,tr24,tr25,tr26,tr27,tr28,tr29,tr30,tr31,tr32,tr33,tr34,tr35,tr36,tr37,tr38,tr39,tr40,tr41,tr42,tr43,tr44,tr45,tr46,tr47,tr48,tr49,tr50,tr51,tr52,tr53,tr54,tr55,tr56,tr57,tr58,tr59,tr60,tr61,tr62,tr63,tr64\" data-trans2d=\"tr1,tr2,tr3,tr4,tr5,tr6,tr7,tr8,tr9,tr10,tr11,tr12,tr13,tr14,tr15,tr16,tr17,tr18,tr19,tr20,tr21,tr22,tr23,tr24,tr25,tr26,tr27,tr28,tr29,tr30,tr31,tr32,tr33,tr34,tr35,tr36,tr37,tr38,tr39,tr40\"><img  src=\"http:\/\/sunvalleyhotel.com.br\/hotel\/wp-content\/plugins\/cuteslider\/img\/blank.png\" data-src=\"http:\/\/sunvalleyhotel.com.br\/hotel\/wp-content\/uploads\/2014\/05\/slide11.jpg\" data-thumb=\"http:\/\/sunvalleyhotel.com.br\/hotel\/wp-content\/uploads\/2014\/05\/slide11.jpg\"><\/li><\/ul><ul data-type=\"controls\"><li data-type=\"captions\"><\/li><li data-type=\"link\"><\/li><li data-type=\"video\"><\/li><li data-type=\"slideinfo\"><\/li><li data-type=\"circletimer\"><\/li><li data-type=\"next\"> <\/li><li data-type=\"previous\"><\/li><li data-type=\"slidecontrol\" data-thumb=\"true\" data-thumbalign=\"up\"><\/li><li data-type=\"bartimer\"><\/li><\/ul><\/div><div class=\"cute-shadow\"><img src=\"http:\/\/sunvalleyhotel.com.br\/hotel\/wp-content\/plugins\/cuteslider\/skins\/borderlesslight\/cute-theme\/shadow.png\" alt=\"shadow\"><\/div><\/div><script type=\"text\/javascript\">var cuteslider2 = new Cute.Slider();cuteslider2.setup(\"cuteslider_2\" , \"cuteslider_2_wrapper\", \"http:\/\/sunvalleyhotel.com.br\/hotel\/wp-content\/plugins\/cuteslider\/skins\/borderlesslight\/style\/slider-style.css\");cuteslider2.api.addEventListener(Cute.SliderEvent.CHANGE_START, function(event) { });cuteslider2.api.addEventListener(Cute.SliderEvent.CHANGE_END, function(event) { });cuteslider2.api.addEventListener(Cute.SliderEvent.WATING, function(event) { });cuteslider2.api.addEventListener(Cute.SliderEvent.CHANGE_NEXT_SLIDE, function(event) { });cuteslider2.api.addEventListener(Cute.SliderEvent.WATING_FOR_NEXT, function(event) { });<\/script>\n<section>\n<div class=\"container\">\n<div class=\"row-fluid\">\n<div class=\"span12\">\n<form id=\"joinForm\" accept-charset=\"utf-8\" action=\"join.php\" method=\"post\">\nSelecione uma acomoda\u00e7\u00e3o:<br \/>\n<input type=\"radio\" name=\"quarto\" value=\"Su\u00edte Executiva\"> Su\u00edte Executiva <br \/>\n<input type=\"radio\" name=\"quarto\" value=\"Apartamento Luxo\"> Apartamento Luxo <br \/>\n<input type=\"radio\" name=\"quarto\" value=\"Apartamento Tipo A\"> Apartamento Tipo A <\/p>\n<p>Informe a data de entrada:<br \/>\n  <input type=\"date\" name=\"entrada\"><br \/>\nInforme a data de sa\u00edda:<br \/>\n  <input type=\"date\" name=\"saida\"><\/p>\n<p>\nInforme seu nome:<br \/>\n  <input type=\"text\" name=\"firstname\" placeholder=\"Seu nome\"><br \/>\nInforme seu sobrenome:<br \/>\n  <input type=\"text\" name=\"lastname\" placeholder=\"Seu sobrenome\"><br \/>\nInforme seu telefone:<br \/>\n  <input type=\"text\" name=\"telefone\" placeholder=\"Seu telefone\"><br \/>\nInforme seu E-mail:<br \/>\n  <input type=\"email\" name=\"email\"><br \/>\nInforme seu endere\u00e7o:<br \/>\n  <input type=\"text\" name=\"endereco\" placeholder=\"Seu endere\u00e7o\"><br \/>\nFa\u00e7a uma observa\u00e7\u00e3o ou deixe uma mensagem:<br \/>\n<textarea name=\"message\" rows=\"10\" cols=\"30\"><\/textarea><br \/>\n<button class=\"btn\" type=\"submit\">Solicitar Reserva<\/button><\/div>\n<\/form>\n<\/div>\n<\/div>\n<\/div>\n<\/section>\n","protected":false},"excerpt":{"rendered":"<p>Selecione uma acomoda\u00e7\u00e3o: Su\u00edte Executiva Apartamento Luxo Apartamento Tipo A Informe a data de entrada: Informe a data de sa\u00edda: Informe seu nome: Informe seu sobrenome: Informe seu telefone: Informe seu E-mail: Informe seu endere\u00e7o: Fa\u00e7a uma observa\u00e7\u00e3o ou deixe uma mensagem: Solicitar Reserva<\/p>\n","protected":false},"author":1,"featured_media":0,"parent":0,"menu_order":0,"comment_status":"open","ping_status":"open","template":"template-right-sidebar.php","meta":[],"_links":{"self":[{"href":"http:\/\/sunvalleyhotel.com.br\/hotel\/wp-json\/wp\/v2\/pages\/195"}],"collection":[{"href":"http:\/\/sunvalleyhotel.com.br\/hotel\/wp-json\/wp\/v2\/pages"}],"about":[{"href":"http:\/\/sunvalleyhotel.com.br\/hotel\/wp-json\/wp\/v2\/types\/page"}],"author":[{"embeddable":true,"href":"http:\/\/sunvalleyhotel.com.br\/hotel\/wp-json\/wp\/v2\/users\/1"}],"replies":[{"embeddable":true,"href":"http:\/\/sunvalleyhotel.com.br\/hotel\/wp-json\/wp\/v2\/comments?post=195"}],"version-history":[{"count":30,"href":"http:\/\/sunvalleyhotel.com.br\/hotel\/wp-json\/wp\/v2\/pages\/195\/revisions"}],"predecessor-version":[{"id":251,"href":"http:\/\/sunvalleyhotel.com.br\/hotel\/wp-json\/wp\/v2\/pages\/195\/revisions\/251"}],"wp:attachment":[{"href":"http:\/\/sunvalleyhotel.com.br\/hotel\/wp-json\/wp\/v2\/media?parent=195"}],"curies":[{"name":"wp","href":"https:\/\/api.w.org\/{rel}","templated":true}]}}