{"id":108,"date":"2014-05-13T02:53:52","date_gmt":"2014-05-13T05:53:52","guid":{"rendered":"http:\/\/hotelsunvalley.com.br\/hotel\/?page_id=108"},"modified":"2017-09-22T09:32:57","modified_gmt":"2017-09-22T12:32:57","slug":"estrutura-e-servicos","status":"publish","type":"page","link":"http:\/\/sunvalleyhotel.com.br\/hotel\/estrutura-e-servicos","title":{"rendered":"Estrutura e Servi\u00e7os"},"content":{"rendered":"<style type=\"text\/css\">@media screen and (max-width: 540px) {#cuteslider_2_wrapper .br-caption-content {font-size: 90%;}}@media screen and (max-width: 480px) {#cuteslider_2_wrapper .br-caption-content {font-size: 80%;}}@media screen and (max-width: 420px) {#cuteslider_2_wrapper .br-caption-content {font-size: 70%;}}@media screen and (max-width: 360px) {#cuteslider_2_wrapper .br-caption-content {font-size: 60%;}}@media screen and (max-width: 300px) {#cuteslider_2_wrapper .br-caption-content {font-size: 50%;}}@media screen and (max-width: 240px) {#cuteslider_2_wrapper .br-caption-content {font-size: 40%;}}@media screen and (max-width: 180px) {#cuteslider_2_wrapper .br-caption-content {font-size: 30%;}}@media screen and (max-width: 120px) {#cuteslider_2_wrapper .br-caption-content {font-size: 20%;}}@media screen and (max-width: 60px) {#cuteslider_2_wrapper .br-caption-content {font-size: 10%;}}@media screen and (max-width: 0px) {#cuteslider_2_wrapper .br-caption-content {font-size: 0%;}}@media screen and (max-width: -60px) {#cuteslider_2_wrapper .br-caption-content {font-size: -10%;}}@media screen and (max-width: -120px) {#cuteslider_2_wrapper .br-caption-content {font-size: -20%;}}@media screen and (max-width: -180px) {#cuteslider_2_wrapper .br-caption-content {font-size: -30%;}}@media screen and (max-width: -240px) {#cuteslider_2_wrapper .br-caption-content {font-size: -40%;}}@media screen and (max-width: -300px) {#cuteslider_2_wrapper .br-caption-content {font-size: -50%;}}@media screen and (max-width: -360px) {#cuteslider_2_wrapper .br-caption-content {font-size: -60%;}}@media screen and (max-width: -420px) {#cuteslider_2_wrapper .br-caption-content {font-size: -70%;}}@media screen and (max-width: -480px) {#cuteslider_2_wrapper .br-caption-content {font-size: -80%;}}@media screen and (max-width: -540px) {#cuteslider_2_wrapper .br-caption-content {font-size: -90%;}}#cuteslider_2_wrapper { width: 100%;margin: 0px auto;}#cuteslider_2 { }.caption_slider2_layer2_sublayer1 { width: auto;height: auto;position: absolute;top: 10%;left: 10%;padding-top: 1%;padding-right: 1%;padding-bottom: 1%;padding-left: 1%;border-top: 0px solid #000;border-right: 0px solid #000;border-bottom: 0px solid #000;border-left: 0px solid #000;font-family: Arial, sans-serif;font-size: 17px;line-height: normal;color: #FFF;background-color: #000; } .caption_layer2_sublayer1 a.linked { text-decoration: none;color: #FFF; } .caption_slider2_layer3_sublayer1 { width: auto;height: auto;position: absolute;top: 10%;left: 10%;padding-top: 1%;padding-right: 1%;padding-bottom: 1%;padding-left: 1%;border-top: 0px solid #000;border-right: 0px solid #000;border-bottom: 0px solid #000;border-left: 0px solid #000;font-family: Arial, sans-serif;font-size: 17px;line-height: normal;color: #FFF;background-color: #000; } .caption_layer3_sublayer1 a.linked { text-decoration: none;color: #FFF; } .caption_slider2_layer4_sublayer1 { width: auto;height: auto;position: absolute;top: 10%;left: 10%;padding-top: 1%;padding-right: 1%;padding-bottom: 1%;padding-left: 1%;border-top: 0px solid #000;border-right: 0px solid #000;border-bottom: 0px solid #000;border-left: 0px solid #000;font-family: Arial, sans-serif;font-size: 17px;line-height: normal;color: #FFF;background-color: #000; } .caption_layer4_sublayer1 a.linked { text-decoration: none;color: #FFF; } .caption_slider2_layer7_sublayer1 { width: auto;height: auto;position: absolute;top: 10%;left: 10%;padding-top: 1%;padding-right: 1%;padding-bottom: 1%;padding-left: 1%;border-top: 0px solid #000;border-right: 0px solid #000;border-bottom: 0px solid #000;border-left: 0px solid #000;font-family: Arial, sans-serif;font-size: 17px;line-height: normal;color: #FFF;background-color: #000; } .caption_layer7_sublayer1 a.linked { text-decoration: none;color: #FFF; } <\/style><div id=\"cuteslider_2_wrapper\" class=\"cs-borderlesslight\"><div id=\"cuteslider_2\" class=\"cute-slider\" data-width=\"600\" data-height=\"300\" data-overpause=\"true\"  data-shuffle=\"false\"><ul data-type=\"slides\"><li data-delay=\"4\" data-src=\"4\" data-trans3d=\"tr1,tr2,tr3,tr4,tr5,tr6,tr7,tr8,tr9,tr10,tr11,tr12,tr13,tr14,tr15,tr16,tr17,tr18,tr19,tr20,tr21,tr22,tr23,tr24,tr25,tr26,tr27,tr28,tr29,tr30,tr31,tr32,tr33,tr34,tr35,tr36,tr37,tr38,tr39,tr40,tr41,tr42,tr43,tr44,tr45,tr46,tr47,tr48,tr49,tr50,tr51,tr52,tr53,tr54,tr55,tr56,tr57,tr58,tr59,tr60,tr61,tr62,tr63,tr64\" data-trans2d=\"tr1,tr2,tr3,tr4,tr5,tr6,tr7,tr8,tr9,tr10,tr11,tr12,tr13,tr14,tr15,tr16,tr17,tr18,tr19,tr20,tr21,tr22,tr23,tr24,tr25,tr26,tr27,tr28,tr29,tr30,tr31,tr32,tr33,tr34,tr35,tr36,tr37,tr38,tr39,tr40\"><img  src=\"http:\/\/sunvalleyhotel.com.br\/hotel\/wp-content\/uploads\/2014\/05\/slide6.jpg\" data-thumb=\"http:\/\/sunvalleyhotel.com.br\/hotel\/wp-content\/uploads\/2014\/05\/slide6.jpg\"><\/li><li data-delay=\"4\" data-src=\"4\" data-trans3d=\"tr1,tr2,tr3,tr4,tr5,tr6,tr7,tr8,tr9,tr10,tr11,tr12,tr13,tr14,tr15,tr16,tr17,tr18,tr19,tr20,tr21,tr22,tr23,tr24,tr25,tr26,tr27,tr28,tr29,tr30,tr31,tr32,tr33,tr34,tr35,tr36,tr37,tr38,tr39,tr40,tr41,tr42,tr43,tr44,tr45,tr46,tr47,tr48,tr49,tr50,tr51,tr52,tr53,tr54,tr55,tr56,tr57,tr58,tr59,tr60,tr61,tr62,tr63,tr64\" data-trans2d=\"tr1,tr2,tr3,tr4,tr5,tr6,tr7,tr8,tr9,tr10,tr11,tr12,tr13,tr14,tr15,tr16,tr17,tr18,tr19,tr20,tr21,tr22,tr23,tr24,tr25,tr26,tr27,tr28,tr29,tr30,tr31,tr32,tr33,tr34,tr35,tr36,tr37,tr38,tr39,tr40\"><img  src=\"http:\/\/sunvalleyhotel.com.br\/hotel\/wp-content\/plugins\/cuteslider\/img\/blank.png\" data-src=\"http:\/\/sunvalleyhotel.com.br\/hotel\/wp-content\/uploads\/2014\/05\/slide1.jpg\" data-thumb=\"http:\/\/sunvalleyhotel.com.br\/hotel\/wp-content\/uploads\/2014\/05\/slide1.jpg\"><ul data-type=\"captions\"><li class=\"caption_slider2_layer2_sublayer1\" data-effect=\"fade\" data-delay=\"0\">Seja Bem-vindo ao Sun Valley Hotel<\/li><\/ul><\/li><li data-delay=\"4\" data-src=\"4\" data-trans3d=\"tr1,tr2,tr3,tr4,tr5,tr6,tr7,tr8,tr9,tr10,tr11,tr12,tr13,tr14,tr15,tr16,tr17,tr18,tr19,tr20,tr21,tr22,tr23,tr24,tr25,tr26,tr27,tr28,tr29,tr30,tr31,tr32,tr33,tr34,tr35,tr36,tr37,tr38,tr39,tr40,tr41,tr42,tr43,tr44,tr45,tr46,tr47,tr48,tr49,tr50,tr51,tr52,tr53,tr54,tr55,tr56,tr57,tr58,tr59,tr60,tr61,tr62,tr63,tr64\" data-trans2d=\"tr1,tr2,tr3,tr4,tr5,tr6,tr7,tr8,tr9,tr10,tr11,tr12,tr13,tr14,tr15,tr16,tr17,tr18,tr19,tr20,tr21,tr22,tr23,tr24,tr25,tr26,tr27,tr28,tr29,tr30,tr31,tr32,tr33,tr34,tr35,tr36,tr37,tr38,tr39,tr40\"><img  src=\"http:\/\/sunvalleyhotel.com.br\/hotel\/wp-content\/plugins\/cuteslider\/img\/blank.png\" data-src=\"http:\/\/sunvalleyhotel.com.br\/hotel\/wp-content\/uploads\/2014\/05\/slide2.jpg\" data-thumb=\"http:\/\/sunvalleyhotel.com.br\/hotel\/wp-content\/uploads\/2014\/05\/slide2.jpg\"><ul data-type=\"captions\"><li class=\"caption_slider2_layer3_sublayer1\" data-effect=\"fade\" data-delay=\"0\">Temos um atendimento de \u00f3tima qualidade<\/li><\/ul><\/li><li data-delay=\"4\" data-src=\"4\" data-trans3d=\"tr1,tr2,tr3,tr4,tr5,tr6,tr7,tr8,tr9,tr10,tr11,tr12,tr13,tr14,tr15,tr16,tr17,tr18,tr19,tr20,tr21,tr22,tr23,tr24,tr25,tr26,tr27,tr28,tr29,tr30,tr31,tr32,tr33,tr34,tr35,tr36,tr37,tr38,tr39,tr40,tr41,tr42,tr43,tr44,tr45,tr46,tr47,tr48,tr49,tr50,tr51,tr52,tr53,tr54,tr55,tr56,tr57,tr58,tr59,tr60,tr61,tr62,tr63,tr64\" data-trans2d=\"tr1,tr2,tr3,tr4,tr5,tr6,tr7,tr8,tr9,tr10,tr11,tr12,tr13,tr14,tr15,tr16,tr17,tr18,tr19,tr20,tr21,tr22,tr23,tr24,tr25,tr26,tr27,tr28,tr29,tr30,tr31,tr32,tr33,tr34,tr35,tr36,tr37,tr38,tr39,tr40\"><img  src=\"http:\/\/sunvalleyhotel.com.br\/hotel\/wp-content\/plugins\/cuteslider\/img\/blank.png\" data-src=\"http:\/\/sunvalleyhotel.com.br\/hotel\/wp-content\/uploads\/2014\/05\/slide12.jpg\" data-thumb=\"http:\/\/sunvalleyhotel.com.br\/hotel\/wp-content\/uploads\/2014\/05\/slide12.jpg\"><ul data-type=\"captions\"><li class=\"caption_slider2_layer4_sublayer1\" data-effect=\"fade\" data-delay=\"0\">Ampla sala de espera para o seu maior conforto<\/li><\/ul><\/li><li data-delay=\"4\" data-src=\"4\" data-trans3d=\"tr1,tr2,tr3,tr4,tr5,tr6,tr7,tr8,tr9,tr10,tr11,tr12,tr13,tr14,tr15,tr16,tr17,tr18,tr19,tr20,tr21,tr22,tr23,tr24,tr25,tr26,tr27,tr28,tr29,tr30,tr31,tr32,tr33,tr34,tr35,tr36,tr37,tr38,tr39,tr40,tr41,tr42,tr43,tr44,tr45,tr46,tr47,tr48,tr49,tr50,tr51,tr52,tr53,tr54,tr55,tr56,tr57,tr58,tr59,tr60,tr61,tr62,tr63,tr64\" data-trans2d=\"tr1,tr2,tr3,tr4,tr5,tr6,tr7,tr8,tr9,tr10,tr11,tr12,tr13,tr14,tr15,tr16,tr17,tr18,tr19,tr20,tr21,tr22,tr23,tr24,tr25,tr26,tr27,tr28,tr29,tr30,tr31,tr32,tr33,tr34,tr35,tr36,tr37,tr38,tr39,tr40\"><img  src=\"http:\/\/sunvalleyhotel.com.br\/hotel\/wp-content\/plugins\/cuteslider\/img\/blank.png\" data-src=\"http:\/\/sunvalleyhotel.com.br\/hotel\/wp-content\/uploads\/2014\/05\/slide9.jpg\" data-thumb=\"http:\/\/sunvalleyhotel.com.br\/hotel\/wp-content\/uploads\/2014\/05\/slide9.jpg\"><\/li><li data-delay=\"4\" data-src=\"4\" data-trans3d=\"tr1,tr2,tr3,tr4,tr5,tr6,tr7,tr8,tr9,tr10,tr11,tr12,tr13,tr14,tr15,tr16,tr17,tr18,tr19,tr20,tr21,tr22,tr23,tr24,tr25,tr26,tr27,tr28,tr29,tr30,tr31,tr32,tr33,tr34,tr35,tr36,tr37,tr38,tr39,tr40,tr41,tr42,tr43,tr44,tr45,tr46,tr47,tr48,tr49,tr50,tr51,tr52,tr53,tr54,tr55,tr56,tr57,tr58,tr59,tr60,tr61,tr62,tr63,tr64\" data-trans2d=\"tr1,tr2,tr3,tr4,tr5,tr6,tr7,tr8,tr9,tr10,tr11,tr12,tr13,tr14,tr15,tr16,tr17,tr18,tr19,tr20,tr21,tr22,tr23,tr24,tr25,tr26,tr27,tr28,tr29,tr30,tr31,tr32,tr33,tr34,tr35,tr36,tr37,tr38,tr39,tr40\"><img  src=\"http:\/\/sunvalleyhotel.com.br\/hotel\/wp-content\/plugins\/cuteslider\/img\/blank.png\" data-src=\"http:\/\/sunvalleyhotel.com.br\/hotel\/wp-content\/uploads\/2014\/05\/slide7.jpg\" data-thumb=\"http:\/\/sunvalleyhotel.com.br\/hotel\/wp-content\/uploads\/2014\/05\/slide7.jpg\"><\/li><li data-delay=\"4\" data-src=\"4\" data-trans3d=\"tr1,tr2,tr3,tr4,tr5,tr6,tr7,tr8,tr9,tr10,tr11,tr12,tr13,tr14,tr15,tr16,tr17,tr18,tr19,tr20,tr21,tr22,tr23,tr24,tr25,tr26,tr27,tr28,tr29,tr30,tr31,tr32,tr33,tr34,tr35,tr36,tr37,tr38,tr39,tr40,tr41,tr42,tr43,tr44,tr45,tr46,tr47,tr48,tr49,tr50,tr51,tr52,tr53,tr54,tr55,tr56,tr57,tr58,tr59,tr60,tr61,tr62,tr63,tr64\" data-trans2d=\"tr1,tr2,tr3,tr4,tr5,tr6,tr7,tr8,tr9,tr10,tr11,tr12,tr13,tr14,tr15,tr16,tr17,tr18,tr19,tr20,tr21,tr22,tr23,tr24,tr25,tr26,tr27,tr28,tr29,tr30,tr31,tr32,tr33,tr34,tr35,tr36,tr37,tr38,tr39,tr40\"><img  src=\"http:\/\/sunvalleyhotel.com.br\/hotel\/wp-content\/plugins\/cuteslider\/img\/blank.png\" data-src=\"http:\/\/sunvalleyhotel.com.br\/hotel\/wp-content\/uploads\/2014\/05\/slide4.jpg\" data-thumb=\"http:\/\/sunvalleyhotel.com.br\/hotel\/wp-content\/uploads\/2014\/05\/slide4.jpg\"><ul data-type=\"captions\"><li class=\"caption_slider2_layer7_sublayer1\" data-effect=\"fade\" data-delay=\"0\">Temos o melhor para o seu lazer<\/li><\/ul><\/li><li data-delay=\"4\" data-src=\"4\" data-trans3d=\"tr1,tr2,tr3,tr4,tr5,tr6,tr7,tr8,tr9,tr10,tr11,tr12,tr13,tr14,tr15,tr16,tr17,tr18,tr19,tr20,tr21,tr22,tr23,tr24,tr25,tr26,tr27,tr28,tr29,tr30,tr31,tr32,tr33,tr34,tr35,tr36,tr37,tr38,tr39,tr40,tr41,tr42,tr43,tr44,tr45,tr46,tr47,tr48,tr49,tr50,tr51,tr52,tr53,tr54,tr55,tr56,tr57,tr58,tr59,tr60,tr61,tr62,tr63,tr64\" data-trans2d=\"tr1,tr2,tr3,tr4,tr5,tr6,tr7,tr8,tr9,tr10,tr11,tr12,tr13,tr14,tr15,tr16,tr17,tr18,tr19,tr20,tr21,tr22,tr23,tr24,tr25,tr26,tr27,tr28,tr29,tr30,tr31,tr32,tr33,tr34,tr35,tr36,tr37,tr38,tr39,tr40\"><img  src=\"http:\/\/sunvalleyhotel.com.br\/hotel\/wp-content\/plugins\/cuteslider\/img\/blank.png\" data-src=\"http:\/\/sunvalleyhotel.com.br\/hotel\/wp-content\/uploads\/2014\/05\/slide8.jpg\" data-thumb=\"http:\/\/sunvalleyhotel.com.br\/hotel\/wp-content\/uploads\/2014\/05\/slide8.jpg\"><\/li><li data-delay=\"4\" data-src=\"4\" data-trans3d=\"tr1,tr2,tr3,tr4,tr5,tr6,tr7,tr8,tr9,tr10,tr11,tr12,tr13,tr14,tr15,tr16,tr17,tr18,tr19,tr20,tr21,tr22,tr23,tr24,tr25,tr26,tr27,tr28,tr29,tr30,tr31,tr32,tr33,tr34,tr35,tr36,tr37,tr38,tr39,tr40,tr41,tr42,tr43,tr44,tr45,tr46,tr47,tr48,tr49,tr50,tr51,tr52,tr53,tr54,tr55,tr56,tr57,tr58,tr59,tr60,tr61,tr62,tr63,tr64\" data-trans2d=\"tr1,tr2,tr3,tr4,tr5,tr6,tr7,tr8,tr9,tr10,tr11,tr12,tr13,tr14,tr15,tr16,tr17,tr18,tr19,tr20,tr21,tr22,tr23,tr24,tr25,tr26,tr27,tr28,tr29,tr30,tr31,tr32,tr33,tr34,tr35,tr36,tr37,tr38,tr39,tr40\"><img  src=\"http:\/\/sunvalleyhotel.com.br\/hotel\/wp-content\/plugins\/cuteslider\/img\/blank.png\" data-src=\"http:\/\/sunvalleyhotel.com.br\/hotel\/wp-content\/uploads\/2014\/05\/slide10.jpg\" data-thumb=\"http:\/\/sunvalleyhotel.com.br\/hotel\/wp-content\/uploads\/2014\/05\/slide10.jpg\"><\/li><li data-delay=\"4\" data-src=\"4\" data-trans3d=\"tr1,tr2,tr3,tr4,tr5,tr6,tr7,tr8,tr9,tr10,tr11,tr12,tr13,tr14,tr15,tr16,tr17,tr18,tr19,tr20,tr21,tr22,tr23,tr24,tr25,tr26,tr27,tr28,tr29,tr30,tr31,tr32,tr33,tr34,tr35,tr36,tr37,tr38,tr39,tr40,tr41,tr42,tr43,tr44,tr45,tr46,tr47,tr48,tr49,tr50,tr51,tr52,tr53,tr54,tr55,tr56,tr57,tr58,tr59,tr60,tr61,tr62,tr63,tr64\" data-trans2d=\"tr1,tr2,tr3,tr4,tr5,tr6,tr7,tr8,tr9,tr10,tr11,tr12,tr13,tr14,tr15,tr16,tr17,tr18,tr19,tr20,tr21,tr22,tr23,tr24,tr25,tr26,tr27,tr28,tr29,tr30,tr31,tr32,tr33,tr34,tr35,tr36,tr37,tr38,tr39,tr40\"><img  src=\"http:\/\/sunvalleyhotel.com.br\/hotel\/wp-content\/plugins\/cuteslider\/img\/blank.png\" data-src=\"http:\/\/sunvalleyhotel.com.br\/hotel\/wp-content\/uploads\/2014\/05\/slide11.jpg\" data-thumb=\"http:\/\/sunvalleyhotel.com.br\/hotel\/wp-content\/uploads\/2014\/05\/slide11.jpg\"><\/li><\/ul><ul data-type=\"controls\"><li data-type=\"captions\"><\/li><li data-type=\"link\"><\/li><li data-type=\"video\"><\/li><li data-type=\"slideinfo\"><\/li><li data-type=\"circletimer\"><\/li><li data-type=\"next\"> <\/li><li data-type=\"previous\"><\/li><li data-type=\"slidecontrol\" data-thumb=\"true\" data-thumbalign=\"up\"><\/li><li data-type=\"bartimer\"><\/li><\/ul><\/div><div class=\"cute-shadow\"><img src=\"http:\/\/sunvalleyhotel.com.br\/hotel\/wp-content\/plugins\/cuteslider\/skins\/borderlesslight\/cute-theme\/shadow.png\" alt=\"shadow\"><\/div><\/div><script type=\"text\/javascript\">var cuteslider2 = new Cute.Slider();cuteslider2.setup(\"cuteslider_2\" , \"cuteslider_2_wrapper\", \"http:\/\/sunvalleyhotel.com.br\/hotel\/wp-content\/plugins\/cuteslider\/skins\/borderlesslight\/style\/slider-style.css\");cuteslider2.api.addEventListener(Cute.SliderEvent.CHANGE_START, function(event) { });cuteslider2.api.addEventListener(Cute.SliderEvent.CHANGE_END, function(event) { });cuteslider2.api.addEventListener(Cute.SliderEvent.WATING, function(event) { });cuteslider2.api.addEventListener(Cute.SliderEvent.CHANGE_NEXT_SLIDE, function(event) { });cuteslider2.api.addEventListener(Cute.SliderEvent.WATING_FOR_NEXT, function(event) { });<\/script>\n<h2>Acomoda\u00e7\u00f5es<\/h2>\n<h3>SUITES EXECUTIVAS<\/h3>\n<p>Recentemente decorada, com 90 m2, varanda, sala de estar, cama box padr\u00e3o internacional \u2013 casal, ar condicionado \/ split, telefone informatizado, Tv com 31 canais, frigobar, \u00e1gua fria ou aquecida (ducha), controle de Tv, luz, servi\u00e7o room service, sinal de internet sem fio. Acomoda\u00e7\u00e3o: SGL , DBL ou TPL. Consulte mais informa\u00e7\u00f5es.<\/p>\n<h3>APARTAMENTOS LUXO<\/h3>\n<p>Moderna decora\u00e7\u00e3o, cama box padr\u00e3o internacional, ar condicionado, telefone informatizado, Tv com 31 canais, frigobar, \u00e1gua quente ou fria (ducha), controle de Tv, luz, servi\u00e7o room service, sinal de internet sem fio. Acomoda\u00e7\u00e3o: SGL , DBL ou TPL. Consulte Mais Informa\u00e7\u00f5es. Apartamentos com capacidade para acomodar at\u00e9 5 pessoas (fam\u00edlia).<\/p>\n<h3>APARTAMENTOS TIPO \u201cA\u201d<\/h3>\n<p>Recentemente decorado, cama padr\u00e3o convencional, ventilador, telefone informatizado, Tv com 31 canais, frigobar, \u00e1gua quente ou fria (ducha), controle de Tv, luz, servi\u00e7o room service, Sinal de internet sem fio. Acomoda\u00e7\u00e3o: SGL , DBL ou TPL. Consulte mais informa\u00e7\u00f5es.<\/p>\n<h3>INFRAESTRUTURA \/SERVI\u00c7OS<\/h3>\n<p>Piscina, bar, restaurante, sauna, sala de gin\u00e1stica, sal\u00e3o de jogos, bicilet\u00e1rio, parque infantil, recep\u00e7\u00e3o informatizada, sala de caf\u00e9 da manh\u00e3, audit\u00f3rio, home office, sala de estar, internet wireless de alta velocidade, sala de computadores, servi\u00e7o de quarto, 31 canais de tv , cofre, c\u00e2maras de monitoramento, seguran\u00e7a 24 horas, lavanderia industrial, estacionamento para at\u00e9 200 ve\u00edculos, acessos para deficientes f\u00edsicos.<\/p>\n<p>DI\u00c1RIA COM CAF\u00c9 DA MANH\u00c3 ESTILO COLONIAL INCLUSO \u2013 Lugar gostoso para comer um bolo caseiro acompanhado de chocolate quente ou ch\u00e1, tortas, doces, caf\u00e9s, frios e iguarias regionais e frutas da esta\u00e7\u00e3o.<\/p>\n<p>RESTAURANTE\u00a0 SUN VALLEY- Jantar self service na \u00e1rea externa privilegiada com acesso \u00e0 piscina e vista dos jardins.<\/p>\n<h3>DESTAQUES:<\/h3>\n<p><strong>Empresas, professores e representantes comerciais<\/strong><\/p>\n<p>Trabalhamos com faturamento para empresas e dispomos de pre\u00e7os especiais para professores e representantes comerciais.<\/p>\n<p><strong>Incentivamos atividades f\u00edsicas com nosso biciclet\u00e1rio<\/strong><\/p>\n<p><a href=\"http:\/\/sunvalleyhotel.com.br\/hotel\/wp-content\/uploads\/2014\/05\/bicicletario1.jpeg\"><img loading=\"lazy\" class=\"alignleft size-medium wp-image-252\" src=\"http:\/\/sunvalleyhotel.com.br\/hotel\/wp-content\/uploads\/2014\/05\/bicicletario1-225x300.jpeg\" alt=\"bicicletario1\" width=\"225\" height=\"300\" srcset=\"http:\/\/sunvalleyhotel.com.br\/hotel\/wp-content\/uploads\/2014\/05\/bicicletario1-225x300.jpeg 225w, http:\/\/sunvalleyhotel.com.br\/hotel\/wp-content\/uploads\/2014\/05\/bicicletario1-172x230.jpeg 172w, http:\/\/sunvalleyhotel.com.br\/hotel\/wp-content\/uploads\/2014\/05\/bicicletario1-410x546.jpeg 410w, http:\/\/sunvalleyhotel.com.br\/hotel\/wp-content\/uploads\/2014\/05\/bicicletario1.jpeg 768w\" sizes=\"(max-width: 225px) 100vw, 225px\" \/><\/a><\/p>\n<p>&nbsp;<\/p>\n<p>&nbsp;<\/p>\n<p>&nbsp;<\/p>\n<p>&nbsp;<\/p>\n<p>&nbsp;<\/p>\n<p>&nbsp;<\/p>\n<p>&nbsp;<\/p>\n<p>&nbsp;<\/p>\n<p>&nbsp;<\/p>\n<p><strong>Animais de estima\u00e7\u00e3o<\/strong><\/p>\n<p>S\u00e3o aceitos.<\/p>\n<p><strong>Pagamentos<\/strong><\/p>\n<p>Aceitamos os cart\u00f5es American Express, Dinners, Visa, Master Card.<\/p>\n<p>&nbsp;<\/p>\n<h4>Hor\u00e1rio de Entrada &#8230;&#8230;. 15:00 hrs.<br \/>\nHor\u00e1rio de Saida &#8230;&#8230;&#8230;&#8230;. 12:00 hrs.<\/h4>\n<h3>Nossa Estrutura<\/h3>\n<p>Informa\u00e7\u00f5es gerais<br \/>\n\u00c1rea: &#8230;&#8230;&#8230;&#8230;&#8230;&#8230;..120,00 m\u00b2<br \/>\nLargura: &#8230;&#8230;&#8230;&#8230;&#8230;..7,50 m<br \/>\nComprimento: &#8230;&#8230;&#8230;&#8230;.16,00 m<br \/>\nP\u00e9 direito: &#8230;&#8230;&#8230;&#8230;..2,70 m<br \/>\nPiso: &#8230;&#8230;&#8230;&#8230;&#8230;&#8230;..Cer\u00e2mica Vitrificada<br \/>\nVoltagem El\u00e9trica: &#8230;&#8230;.220v<\/p>\n<p>Formatos e Capacidade<br \/>\n&#8220;U&#8221; com mesas &#8230;&#8230;&#8230;&#8230;29 pessoas<br \/>\n&#8220;U&#8221; com Bra\u00e7os &#8230;&#8230;&#8230;..30 pessoas<br \/>\n&#8220;U&#8221; simples &#8230;&#8230;&#8230;&#8230;..37 pessoas<br \/>\nMesas Redondas &#8230;&#8230;&#8230;..40 pessoas<br \/>\nEspinha de peixe &#8230;&#8230;&#8230;45 pessoas<br \/>\nEscolar &#8230;&#8230;&#8230;&#8230;&#8230;&#8230;50 pessoas<br \/>\nAudit\u00f3rio com Bra\u00e7os &#8230;..60 pessoas<br \/>\nAudit\u00f3rio &#8230;&#8230;&#8230;&#8230;&#8230;.90 pessoas<br \/>\nInternet Wireless<br \/>\nLocaliza\u00e7\u00e3o das Salas no Pr\u00e9dio<\/p>\n","protected":false},"excerpt":{"rendered":"<p>Acomoda\u00e7\u00f5es SUITES EXECUTIVAS Recentemente decorada, com 90 m2, varanda, sala de estar, cama box padr\u00e3o internacional \u2013 casal, ar condicionado \/ split, telefone informatizado, Tv com 31 canais, frigobar, \u00e1gua fria ou aquecida (ducha), controle de Tv, luz, servi\u00e7o room service, sinal de internet sem fio. Acomoda\u00e7\u00e3o: SGL , DBL ou TPL. Consulte mais informa\u00e7\u00f5es. [&hellip;]<\/p>\n","protected":false},"author":1,"featured_media":0,"parent":0,"menu_order":0,"comment_status":"open","ping_status":"open","template":"","meta":[],"_links":{"self":[{"href":"http:\/\/sunvalleyhotel.com.br\/hotel\/wp-json\/wp\/v2\/pages\/108"}],"collection":[{"href":"http:\/\/sunvalleyhotel.com.br\/hotel\/wp-json\/wp\/v2\/pages"}],"about":[{"href":"http:\/\/sunvalleyhotel.com.br\/hotel\/wp-json\/wp\/v2\/types\/page"}],"author":[{"embeddable":true,"href":"http:\/\/sunvalleyhotel.com.br\/hotel\/wp-json\/wp\/v2\/users\/1"}],"replies":[{"embeddable":true,"href":"http:\/\/sunvalleyhotel.com.br\/hotel\/wp-json\/wp\/v2\/comments?post=108"}],"version-history":[{"count":9,"href":"http:\/\/sunvalleyhotel.com.br\/hotel\/wp-json\/wp\/v2\/pages\/108\/revisions"}],"predecessor-version":[{"id":255,"href":"http:\/\/sunvalleyhotel.com.br\/hotel\/wp-json\/wp\/v2\/pages\/108\/revisions\/255"}],"wp:attachment":[{"href":"http:\/\/sunvalleyhotel.com.br\/hotel\/wp-json\/wp\/v2\/media?parent=108"}],"curies":[{"name":"wp","href":"https:\/\/api.w.org\/{rel}","templated":true}]}}